{"id":4408884,"date":"2025-10-18T10:16:37","date_gmt":"2025-10-18T10:16:37","guid":{"rendered":"https:\/\/seethroo.davidwebservices.net\/?post_type=product&#038;p=4408884"},"modified":"2025-10-20T02:35:51","modified_gmt":"2025-10-20T02:35:51","slug":"see-throo-eyeglass-cleaner-solo-pack-in-aluminum-bottle-aluminum","status":"publish","type":"product","link":"https:\/\/seethroo.davidwebservices.net\/fr\/produit\/see-throo-eyeglass-cleaner-solo-pack-in-aluminum-bottle-aluminum\/","title":{"rendered":"Pack de nettoyant pour lunettes Solo \u2013 Aluminium"},"content":{"rendered":"<p>Une formule puissante \u00e0 base de plantes et sans alcool, id\u00e9ale pour nettoyer tous types de verres trait\u00e9s. Elle \u00e9limine efficacement les taches, les traces de doigts et le s\u00e9bum, laissant un fini impeccable. De plus, notre agent antistatique \u00e9cologique repousse la poussi\u00e8re, pr\u00e9servant ainsi la propret\u00e9 de vos verres plus longtemps.<\/p>\n<p><strong>Green Formulation:<\/strong><br \/>\nNotre solution est compos\u00e9e d'ingr\u00e9dients naturels d'origine v\u00e9g\u00e9tale, extraits de fruits, de fleurs et d'autres plantes, associ\u00e9s \u00e0 un agent antistatique \u00e9cologique. Nous \u00e9vitons les produits chimiques agressifs et les additifs synth\u00e9tiques que l'on trouve couramment dans les nettoyants conventionnels.<\/p>","protected":false},"excerpt":{"rendered":"<p>A powerful plant-based and alcohol-free formula that\u2019s safe to use in cleaning all types of coated lenses. It effectively removes smudges, fingerprints, and skin oils, leaving a streak-free finish. Plus, our eco-friendly anti-static agent helps repel dust, keeping your lenses cleaner for longer. Green Formulation: Our solution is made from natural, plant-derived ingredients extracted from [&hellip;]<\/p>","protected":false},"featured_media":4408885,"comment_status":"open","ping_status":"closed","template":"","meta":{"_acf_changed":false,"_et_pb_use_builder":"","_et_pb_old_content":"","_et_gb_content_width":""},"product_brand":[],"product_cat":[52],"product_tag":[],"class_list":{"0":"post-4408884","1":"product","2":"type-product","3":"status-publish","4":"has-post-thumbnail","6":"product_cat-eyeglass-cleaner","8":"first","9":"instock","10":"featured","11":"shipping-taxable","12":"purchasable","13":"product-type-simple"},"acf":[],"_links":{"self":[{"href":"https:\/\/seethroo.davidwebservices.net\/fr\/wp-json\/wp\/v2\/product\/4408884","targetHints":{"allow":["GET"]}}],"collection":[{"href":"https:\/\/seethroo.davidwebservices.net\/fr\/wp-json\/wp\/v2\/product"}],"about":[{"href":"https:\/\/seethroo.davidwebservices.net\/fr\/wp-json\/wp\/v2\/types\/product"}],"replies":[{"embeddable":true,"href":"https:\/\/seethroo.davidwebservices.net\/fr\/wp-json\/wp\/v2\/comments?post=4408884"}],"wp:featuredmedia":[{"embeddable":true,"href":"https:\/\/seethroo.davidwebservices.net\/fr\/wp-json\/wp\/v2\/media\/4408885"}],"wp:attachment":[{"href":"https:\/\/seethroo.davidwebservices.net\/fr\/wp-json\/wp\/v2\/media?parent=4408884"}],"wp:term":[{"taxonomy":"product_brand","embeddable":true,"href":"https:\/\/seethroo.davidwebservices.net\/fr\/wp-json\/wp\/v2\/product_brand?post=4408884"},{"taxonomy":"product_cat","embeddable":true,"href":"https:\/\/seethroo.davidwebservices.net\/fr\/wp-json\/wp\/v2\/product_cat?post=4408884"},{"taxonomy":"product_tag","embeddable":true,"href":"https:\/\/seethroo.davidwebservices.net\/fr\/wp-json\/wp\/v2\/product_tag?post=4408884"}],"curies":[{"name":"wp","href":"https:\/\/api.w.org\/{rel}","templated":true}]}}