{"id":4408475,"date":"2025-10-09T02:56:45","date_gmt":"2025-10-09T02:56:45","guid":{"rendered":"https:\/\/seethroo.davidwebservices.net\/?post_type=product&#038;p=4408475"},"modified":"2025-10-20T02:45:07","modified_gmt":"2025-10-20T02:45:07","slug":"see-throo-non-drip-screen-cleaner","status":"publish","type":"product","link":"https:\/\/seethroo.davidwebservices.net\/fr\/produit\/see-throo-non-drip-screen-cleaner\/","title":{"rendered":"Nettoyant pour \u00e9cran anti-goutte"},"content":{"rendered":"<p>Id\u00e9al pour nettoyer l\u2019\u00e9cran d\u2019infodivertissement de votre v\u00e9hicule \u00e9lectrique.<\/p>\n<p>Formulated to deliver a safer clean for all your devices without the mess. Its non-drip solution clings to your screen, preventing liquid from dripping down and seeping into the edges of your phone, tablet or laptop.<\/p>\n<p>Sa formule sans alcool ne ternit pas et ne dess\u00e8che pas votre \u00e9cran. Au contraire, elle \u00e9limine poussi\u00e8re, salet\u00e9, taches et traces de doigts, pour une clart\u00e9 \u00e9clatante. Vaporisez, essuyez et profitez de vos \u00e9crans comme ils devraient \u00eatre\u00a0: \u00e9clatants et impeccables.<\/p>","protected":false},"excerpt":{"rendered":"<p>Great for cleaning the infotainment screen of your EV. Formulated to deliver a safer clean for all your devices without the mess. Its non-drip solution clings to your screen, preventing liquid from dripping down and seeping into the edges of your phone, tablet or laptop. The formula is alcohol-free so it won\u2019t dull and dry [&hellip;]<\/p>","protected":false},"featured_media":4408515,"comment_status":"open","ping_status":"closed","template":"","meta":{"_acf_changed":false,"_et_pb_use_builder":"","_et_pb_old_content":"","_et_gb_content_width":""},"product_brand":[],"product_cat":[53],"product_tag":[],"class_list":{"0":"post-4408475","1":"product","2":"type-product","3":"status-publish","4":"has-post-thumbnail","6":"product_cat-screen-cleaner","8":"first","9":"instock","10":"featured","11":"shipping-taxable","12":"purchasable","13":"product-type-variable","14":"has-default-attributes"},"acf":[],"_links":{"self":[{"href":"https:\/\/seethroo.davidwebservices.net\/fr\/wp-json\/wp\/v2\/product\/4408475","targetHints":{"allow":["GET"]}}],"collection":[{"href":"https:\/\/seethroo.davidwebservices.net\/fr\/wp-json\/wp\/v2\/product"}],"about":[{"href":"https:\/\/seethroo.davidwebservices.net\/fr\/wp-json\/wp\/v2\/types\/product"}],"replies":[{"embeddable":true,"href":"https:\/\/seethroo.davidwebservices.net\/fr\/wp-json\/wp\/v2\/comments?post=4408475"}],"wp:featuredmedia":[{"embeddable":true,"href":"https:\/\/seethroo.davidwebservices.net\/fr\/wp-json\/wp\/v2\/media\/4408515"}],"wp:attachment":[{"href":"https:\/\/seethroo.davidwebservices.net\/fr\/wp-json\/wp\/v2\/media?parent=4408475"}],"wp:term":[{"taxonomy":"product_brand","embeddable":true,"href":"https:\/\/seethroo.davidwebservices.net\/fr\/wp-json\/wp\/v2\/product_brand?post=4408475"},{"taxonomy":"product_cat","embeddable":true,"href":"https:\/\/seethroo.davidwebservices.net\/fr\/wp-json\/wp\/v2\/product_cat?post=4408475"},{"taxonomy":"product_tag","embeddable":true,"href":"https:\/\/seethroo.davidwebservices.net\/fr\/wp-json\/wp\/v2\/product_tag?post=4408475"}],"curies":[{"name":"wp","href":"https:\/\/api.w.org\/{rel}","templated":true}]}}