{"id":4408757,"date":"2025-10-17T05:52:05","date_gmt":"2025-10-17T05:52:05","guid":{"rendered":"https:\/\/seethroo.davidwebservices.net\/?page_id=4408757"},"modified":"2026-01-20T07:47:28","modified_gmt":"2026-01-20T07:47:28","slug":"premium-microfiber-cloth","status":"publish","type":"page","link":"https:\/\/seethroo.davidwebservices.net\/fr\/premium-microfiber-cloth\/","title":{"rendered":"Chiffon en microfibre de qualit\u00e9 sup\u00e9rieure"},"content":{"rendered":"<p>[et_pb_section fb_built=&#8221;1&#8243; _builder_version=&#8221;4.27.4&#8243; _module_preset=&#8221;default&#8221; global_colors_info=&#8221;{}&#8221;][et_pb_row _builder_version=&#8221;4.27.4&#8243; _module_preset=&#8221;default&#8221; max_width=&#8221;1280px&#8221; global_colors_info=&#8221;{}&#8221;][et_pb_column type=&#8221;4_4&#8243; _builder_version=&#8221;4.27.4&#8243; _module_preset=&#8221;default&#8221; global_colors_info=&#8221;{}&#8221;][et_pb_text _builder_version=&#8221;4.27.4&#8243; _module_preset=&#8221;default&#8221; text_font=&#8221;&#8211;et_global_body_font||||||||&#8221; header_text_color=&#8221;gcid-fc9bc88d-e36b-4662-9616-7c86e597d942&#8243; header_2_font=&#8221;&#8211;et_global_heading_font|700|||||||&#8221; header_2_text_color=&#8221;#000000&#8243; header_2_font_size=&#8221;36px&#8221; custom_margin=&#8221;||0px||false|false&#8221; header_2_font_size_tablet=&#8221;&#8221; header_2_font_size_phone=&#8221;24px&#8221; header_2_font_size_last_edited=&#8221;on|desktop&#8221; locked=&#8221;off&#8221; global_colors_info=&#8221;{%22gcid-fc9bc88d-e36b-4662-9616-7c86e597d942%22:%91%22header_text_color%22,%22header_text_color%22%93}&#8221;]<\/p>\n<h2>See Throo\u2122 Chiffon en microfibre de qualit\u00e9 sup\u00e9rieure<\/h2>\n<p>[\/et_pb_text][et_pb_text _builder_version=&#8221;4.27.4&#8243; _module_preset=&#8221;default&#8221; text_font=&#8221;&#8211;et_global_body_font||||||||&#8221; text_text_color=&#8221;#333333&#8243; text_font_size=&#8221;16px&#8221; text_line_height=&#8221;1.8em&#8221; custom_margin=&#8221;||28px|||&#8221; text_font_size_tablet=&#8221;&#8221; text_font_size_phone=&#8221;&#8221; text_font_size_last_edited=&#8221;on|desktop&#8221; locked=&#8221;off&#8221; global_colors_info=&#8221;{}&#8221;]<\/p>\n<p><em>Ultra-fin | Tissage haute densit\u00e9 | Non pelucheux | R\u00e9utilisable<\/em><\/p>\n<p>[\/et_pb_text][et_pb_text _builder_version=&#8221;4.27.4&#8243; _module_preset=&#8221;default&#8221; text_font=&#8221;&#8211;et_global_body_font||||||||&#8221; text_text_color=&#8221;#333333&#8243; text_font_size=&#8221;16px&#8221; text_line_height=&#8221;1.8em&#8221; custom_margin=&#8221;||33px|||&#8221; text_font_size_tablet=&#8221;&#8221; text_font_size_phone=&#8221;&#8221; text_font_size_last_edited=&#8221;on|desktop&#8221; locked=&#8221;off&#8221; global_colors_info=&#8221;{}&#8221;]<\/p>\n<p>Con\u00e7u pour la performance, con\u00e7u pour les soins<\/p>\n<p>Fabriqu\u00e9 avec un tissage ultra-fin, non pelucheux et haute densit\u00e9, le chiffon en microfibre See Throo\u2122 est doux pour toutes les surfaces d\u00e9licates. Il glisse en douceur sur les verres pour \u00e9liminer les taches, la poussi\u00e8re et les traces de doigts, nettoyant efficacement sans laisser de fibres ni de particules. Que vous nettoyiez des lunettes de vue, des lunettes de soleil ou des \u00e9crans, obtenez une brillance cristalline avec le chiffon en microfibre See Throo\u2122.<\/p>\n<p>[\/et_pb_text][et_pb_text _builder_version=&#8221;4.27.4&#8243; _module_preset=&#8221;default&#8221; text_font=&#8221;&#8211;et_global_body_font||||||||&#8221; text_text_color=&#8221;#333333&#8243; text_font_size=&#8221;16px&#8221; text_line_height=&#8221;1em&#8221; ul_font=&#8221;&#8211;et_global_body_font||||||||&#8221; ul_text_color=&#8221;#333333&#8243; ul_font_size=&#8221;16px&#8221; ul_line_height=&#8221;2.2em&#8221; header_5_font=&#8221;&#8211;et_global_body_font||||||||&#8221; custom_margin=&#8221;12px|||||&#8221; locked=&#8221;off&#8221; global_colors_info=&#8221;{%22gcid-09915b5e-998f-4246-aef0-b47f71c124c4%22:%91%93,%22gcid-fc9bc88d-e36b-4662-9616-7c86e597d942%22:%91%22ul_text_color%22,%22ul_text_color%22%93}&#8221;]<\/p>\n<h5><strong>Pourquoi utiliser le chiffon en microfibre de qualit\u00e9 sup\u00e9rieure See Throo\u2122 ?<\/strong><\/h5>\n<ul>\n<li>R\u00e9utilisable et lavable en machine \u2013 Dites adieu aux lingettes jetables et \u00e9conomisez de l\u2019argent.<\/li>\n<li>Nettoyage sans effort \u2013 \u00c9limine les huiles de la peau, la poussi\u00e8re et les taches sans laisser de fibres.<\/li>\n<li>Doux pour les lentilles \u2013 Sans danger m\u00eame pour les rev\u00eatements les plus d\u00e9licats.<\/li>\n<li>Perfect Pair \u2013 Complements our plant-based cleaner for sparkling lenses and improved clarity.<\/li>\n<li>Non-Abrasive &amp; Coating-Friendly \u2013 Wipe confidently without scratching your lenses.<\/li>\n<li>Portable et pratique \u2013 Assez compact pour une utilisation en d\u00e9placement, mais suffisamment grand pour couvrir toute la surface de l\u2019objectif rapidement et compl\u00e8tement.<\/li>\n<\/ul>\n<p>[\/et_pb_text][\/et_pb_column][\/et_pb_row][et_pb_row _builder_version=&#8221;4.27.4&#8243; _module_preset=&#8221;default&#8221; max_width=&#8221;1280px&#8221; locked=&#8221;off&#8221; global_colors_info=&#8221;{}&#8221;][et_pb_column type=&#8221;4_4&#8243; _builder_version=&#8221;4.16&#8243; _module_preset=&#8221;default&#8221; global_colors_info=&#8221;{}&#8221;][et_pb_text _builder_version=&#8221;4.27.4&#8243; _module_preset=&#8221;default&#8221; header_text_color=&#8221;gcid-fc9bc88d-e36b-4662-9616-7c86e597d942&#8243; header_2_font=&#8221;Fira Sans|700|||||||&#8221; header_2_text_color=&#8221;#000000&#8243; header_2_font_size=&#8221;36px&#8221; header_2_line_height=&#8221;1.2em&#8221; custom_margin=&#8221;||0px||false|false&#8221; header_font_size_phone=&#8221;40px&#8221; header_font_size_last_edited=&#8221;off|desktop&#8221; header_2_font_size_tablet=&#8221;&#8221; header_2_font_size_phone=&#8221;24px&#8221; header_2_font_size_last_edited=&#8221;on|desktop&#8221; locked=&#8221;off&#8221; global_colors_info=&#8221;{%22gcid-fc9bc88d-e36b-4662-9616-7c86e597d942%22:%91%22header_text_color%22%93}&#8221;]<\/p>\n<h2>FAQ<\/h2>\n<p>[\/et_pb_text][et_pb_accordion _builder_version=&#8221;4.27.4&#8243; _module_preset=&#8221;default&#8221; toggle_font=&#8221;&#8211;et_global_body_font|600|||||||&#8221; toggle_font_size=&#8221;16px&#8221; closed_toggle_font=&#8221;&#8211;et_global_body_font||||||||&#8221; body_font=&#8221;&#8211;et_global_body_font||||||||&#8221; body_text_color=&#8221;#333333&#8243; global_colors_info=&#8221;{}&#8221;][et_pb_accordion_item title=&#8221;What size is the cloth?&#8221; open_toggle_text_color=&#8221;gcid-fc9bc88d-e36b-4662-9616-7c86e597d942&#8243; open_toggle_background_color=&#8221;#FFFFFF&#8221; closed_toggle_text_color=&#8221;gcid-fc9bc88d-e36b-4662-9616-7c86e597d942&#8243; closed_toggle_background_color=&#8221;#f3f5ed&#8221; icon_color=&#8221;gcid-09915b5e-998f-4246-aef0-b47f71c124c4&#8243; use_icon_font_size=&#8221;on&#8221; icon_font_size=&#8221;20px&#8221; _builder_version=&#8221;4.27.4&#8243; _module_preset=&#8221;default&#8221; body_font=&#8221;&#8211;et_global_body_font||||||||&#8221; body_text_color=&#8221;#333333&#8243; body_font_size=&#8221;16px&#8221; body_line_height=&#8221;1.8em&#8221; body_ul_font=&#8221;Lato||||||||&#8221; body_ul_text_color=&#8221;gcid-fc9bc88d-e36b-4662-9616-7c86e597d942&#8243; body_ul_line_height=&#8221;1.8em&#8221; text_orientation=&#8221;left&#8221; body_font_size_tablet=&#8221;&#8221; body_font_size_phone=&#8221;&#8221; body_font_size_last_edited=&#8221;on|desktop&#8221; custom_css_toggle_icon=&#8221;content: %22%92e044%22;&#8221; border_radii=&#8221;on|15px|15px|15px|15px&#8221; border_width_all=&#8221;0px&#8221; global_colors_info=&#8221;{%22gcid-fc9bc88d-e36b-4662-9616-7c86e597d942%22:%91%22open_toggle_text_color%22,%22toggle_text_color%22,%22body_text_color%22,%22closed_toggle_text_color%22,%22body_ul_text_color%22%93,%22gcid-09915b5e-998f-4246-aef0-b47f71c124c4%22:%91%22closed_toggle_text_color__hover%22,%22icon_color%22%93}&#8221; toggle_text_color=&#8221;gcid-fc9bc88d-e36b-4662-9616-7c86e597d942&#8243; toggle_font=&#8221;&#8211;et_global_body_font|600|||||||&#8221; toggle_font_size=&#8221;20px&#8221; toggle_line_height=&#8221;1.3em&#8221; closed_toggle_font=&#8221;&#8211;et_global_body_font|600|||||||&#8221; closed_toggle_font_size=&#8221;20px&#8221; closed_toggle_line_height=&#8221;1.8em&#8221; toggle_font_size_tablet=&#8221;&#8221; toggle_font_size_phone=&#8221;&#8221; toggle_font_size_last_edited=&#8221;on|desktop&#8221; closed_toggle_font_size_tablet=&#8221;&#8221; closed_toggle_font_size_phone=&#8221;&#8221; closed_toggle_font_size_last_edited=&#8221;on|desktop&#8221; closed_toggle_text_color__hover_enabled=&#8221;on|hover&#8221; closed_toggle_text_color__hover=&#8221;#8ec038&#8243; open=&#8221;on&#8221;]<\/p>\n<p>Il mesure 20 x 20 cm, suffisamment grand pour une prise en main confortable, mais parfaitement dimensionn\u00e9 pour essuyer l'int\u00e9gralit\u00e9 de votre objectif et atteindre tous les coins en quelques passages seulement.<\/p>\n<p>[\/et_pb_accordion_item][et_pb_accordion_item title=&#8221;Will it scratch my lenses?&#8221; open=&#8221;off&#8221; open_toggle_text_color=&#8221;gcid-fc9bc88d-e36b-4662-9616-7c86e597d942&#8243; open_toggle_background_color=&#8221;#FFFFFF&#8221; closed_toggle_text_color=&#8221;gcid-fc9bc88d-e36b-4662-9616-7c86e597d942&#8243; closed_toggle_background_color=&#8221;#f3f5ed&#8221; icon_color=&#8221;gcid-09915b5e-998f-4246-aef0-b47f71c124c4&#8243; use_icon_font_size=&#8221;on&#8221; icon_font_size=&#8221;20px&#8221; _builder_version=&#8221;4.27.4&#8243; _module_preset=&#8221;default&#8221; body_font=&#8221;&#8211;et_global_body_font||||||||&#8221; body_text_color=&#8221;#333333&#8243; body_font_size=&#8221;16px&#8221; body_line_height=&#8221;1.8em&#8221; body_ul_font=&#8221;Lato||||||||&#8221; body_ul_text_color=&#8221;gcid-fc9bc88d-e36b-4662-9616-7c86e597d942&#8243; body_ul_line_height=&#8221;1.8em&#8221; text_orientation=&#8221;left&#8221; body_font_size_tablet=&#8221;&#8221; body_font_size_phone=&#8221;&#8221; body_font_size_last_edited=&#8221;on|desktop&#8221; custom_css_toggle_icon=&#8221;content: %22%92e044%22;&#8221; border_radii=&#8221;on|15px|15px|15px|15px&#8221; border_width_all=&#8221;0px&#8221; global_colors_info=&#8221;{%22gcid-fc9bc88d-e36b-4662-9616-7c86e597d942%22:%91%22open_toggle_text_color%22,%22toggle_text_color%22,%22body_text_color%22,%22closed_toggle_text_color%22,%22body_ul_text_color%22,%22open_toggle_text_color%22,%22toggle_text_color%22,%22body_text_color%22,%22closed_toggle_text_color%22,%22body_ul_text_color%22,%22open_toggle_text_color%22,%22toggle_text_color%22,%22body_text_color%22,%22closed_toggle_text_color%22,%22body_ul_text_color%22%93,%22gcid-09915b5e-998f-4246-aef0-b47f71c124c4%22:%91%22closed_toggle_text_color__hover%22,%22icon_color%22,%22closed_toggle_text_color__hover%22,%22icon_color%22,%22closed_toggle_text_color__hover%22,%22icon_color%22%93}&#8221; toggle_text_color=&#8221;gcid-fc9bc88d-e36b-4662-9616-7c86e597d942&#8243; toggle_font=&#8221;&#8211;et_global_body_font|600|||||||&#8221; toggle_font_size=&#8221;20px&#8221; toggle_line_height=&#8221;1.3em&#8221; closed_toggle_font=&#8221;&#8211;et_global_body_font|600|||||||&#8221; closed_toggle_font_size=&#8221;20px&#8221; closed_toggle_line_height=&#8221;1.8em&#8221; toggle_font_size_tablet=&#8221;&#8221; toggle_font_size_phone=&#8221;&#8221; toggle_font_size_last_edited=&#8221;on|desktop&#8221; closed_toggle_font_size_tablet=&#8221;&#8221; closed_toggle_font_size_phone=&#8221;&#8221; closed_toggle_font_size_last_edited=&#8221;on|desktop&#8221; closed_toggle_text_color__hover_enabled=&#8221;on|hover&#8221; closed_toggle_text_color__hover=&#8221;#8ec038&#8243;]<\/p>\n<p>Pas du tout. Le tissu est doux, lisse et n'ab\u00eeme pas le rev\u00eatement.<\/p>\n<p>[\/et_pb_accordion_item][et_pb_accordion_item title=&#8221;Can I wash and reuse it?&#8221; open_toggle_text_color=&#8221;gcid-fc9bc88d-e36b-4662-9616-7c86e597d942&#8243; open_toggle_background_color=&#8221;#FFFFFF&#8221; closed_toggle_text_color=&#8221;gcid-fc9bc88d-e36b-4662-9616-7c86e597d942&#8243; closed_toggle_background_color=&#8221;#f3f5ed&#8221; icon_color=&#8221;gcid-09915b5e-998f-4246-aef0-b47f71c124c4&#8243; use_icon_font_size=&#8221;on&#8221; icon_font_size=&#8221;20px&#8221; _builder_version=&#8221;4.27.4&#8243; _module_preset=&#8221;default&#8221; body_font=&#8221;&#8211;et_global_body_font||||||||&#8221; body_text_color=&#8221;#333333&#8243; body_font_size=&#8221;16px&#8221; body_line_height=&#8221;1.8em&#8221; body_ul_font=&#8221;Lato||||||||&#8221; body_ul_text_color=&#8221;gcid-fc9bc88d-e36b-4662-9616-7c86e597d942&#8243; body_ul_line_height=&#8221;1.8em&#8221; text_orientation=&#8221;left&#8221; body_font_size_tablet=&#8221;&#8221; body_font_size_phone=&#8221;&#8221; body_font_size_last_edited=&#8221;on|desktop&#8221; custom_css_toggle_icon=&#8221;content: %22%92e044%22;&#8221; border_radii=&#8221;on|15px|15px|15px|15px&#8221; border_width_all=&#8221;0px&#8221; global_colors_info=&#8221;{%22gcid-fc9bc88d-e36b-4662-9616-7c86e597d942%22:%91%22open_toggle_text_color%22,%22toggle_text_color%22,%22body_text_color%22,%22closed_toggle_text_color%22,%22body_ul_text_color%22,%22open_toggle_text_color%22,%22toggle_text_color%22,%22body_text_color%22,%22closed_toggle_text_color%22,%22body_ul_text_color%22,%22open_toggle_text_color%22,%22toggle_text_color%22,%22body_text_color%22,%22closed_toggle_text_color%22,%22body_ul_text_color%22%93,%22gcid-09915b5e-998f-4246-aef0-b47f71c124c4%22:%91%22closed_toggle_text_color__hover%22,%22icon_color%22,%22closed_toggle_text_color__hover%22,%22icon_color%22,%22closed_toggle_text_color__hover%22,%22icon_color%22%93}&#8221; toggle_text_color=&#8221;gcid-fc9bc88d-e36b-4662-9616-7c86e597d942&#8243; toggle_font=&#8221;&#8211;et_global_body_font|600|||||||&#8221; toggle_font_size=&#8221;20px&#8221; toggle_line_height=&#8221;1.3em&#8221; closed_toggle_font=&#8221;&#8211;et_global_body_font|600|||||||&#8221; closed_toggle_font_size=&#8221;20px&#8221; closed_toggle_line_height=&#8221;1.8em&#8221; toggle_font_size_tablet=&#8221;&#8221; toggle_font_size_phone=&#8221;&#8221; toggle_font_size_last_edited=&#8221;on|desktop&#8221; closed_toggle_font_size_tablet=&#8221;&#8221; closed_toggle_font_size_phone=&#8221;&#8221; closed_toggle_font_size_last_edited=&#8221;on|desktop&#8221; closed_toggle_text_color__hover_enabled=&#8221;on|hover&#8221; closed_toggle_text_color__hover=&#8221;#8ec038&#8243; open=&#8221;off&#8221;]<\/p>\n<p>Absolument. Il suffit de le mettre en machine, de le suspendre pour le s\u00e9cher et il sera comme neuf. Dites adieu aux lingettes superflues et faites des \u00e9conomies, tout en prot\u00e9geant la plan\u00e8te.<\/p>\n<p>&nbsp;<\/p>\n<p>[\/et_pb_accordion_item][et_pb_accordion_item title=&#8221;What can I wipe with it ?&#8221; open_toggle_text_color=&#8221;gcid-fc9bc88d-e36b-4662-9616-7c86e597d942&#8243; open_toggle_background_color=&#8221;#FFFFFF&#8221; closed_toggle_text_color=&#8221;gcid-fc9bc88d-e36b-4662-9616-7c86e597d942&#8243; closed_toggle_background_color=&#8221;#f3f5ed&#8221; icon_color=&#8221;gcid-09915b5e-998f-4246-aef0-b47f71c124c4&#8243; use_icon_font_size=&#8221;on&#8221; icon_font_size=&#8221;20px&#8221; _builder_version=&#8221;4.27.4&#8243; _module_preset=&#8221;default&#8221; body_font=&#8221;&#8211;et_global_body_font||||||||&#8221; body_text_color=&#8221;#333333&#8243; body_font_size=&#8221;16px&#8221; body_line_height=&#8221;1.8em&#8221; body_ul_font=&#8221;Lato||||||||&#8221; body_ul_text_color=&#8221;gcid-fc9bc88d-e36b-4662-9616-7c86e597d942&#8243; body_ul_line_height=&#8221;1.8em&#8221; text_orientation=&#8221;left&#8221; body_font_size_tablet=&#8221;&#8221; body_font_size_phone=&#8221;&#8221; body_font_size_last_edited=&#8221;on|desktop&#8221; custom_css_toggle_icon=&#8221;content: %22%92e044%22;&#8221; border_radii=&#8221;on|15px|15px|15px|15px&#8221; border_width_all=&#8221;0px&#8221; global_colors_info=&#8221;{%22gcid-fc9bc88d-e36b-4662-9616-7c86e597d942%22:%91%22open_toggle_text_color%22,%22toggle_text_color%22,%22body_text_color%22,%22closed_toggle_text_color%22,%22body_ul_text_color%22,%22open_toggle_text_color%22,%22toggle_text_color%22,%22body_text_color%22,%22closed_toggle_text_color%22,%22body_ul_text_color%22,%22open_toggle_text_color%22,%22toggle_text_color%22,%22body_text_color%22,%22closed_toggle_text_color%22,%22body_ul_text_color%22%93,%22gcid-09915b5e-998f-4246-aef0-b47f71c124c4%22:%91%22closed_toggle_text_color__hover%22,%22icon_color%22,%22closed_toggle_text_color__hover%22,%22icon_color%22,%22closed_toggle_text_color__hover%22,%22icon_color%22%93}&#8221; toggle_text_color=&#8221;gcid-fc9bc88d-e36b-4662-9616-7c86e597d942&#8243; toggle_font=&#8221;&#8211;et_global_body_font|600|||||||&#8221; toggle_font_size=&#8221;20px&#8221; toggle_line_height=&#8221;1.3em&#8221; closed_toggle_font=&#8221;&#8211;et_global_body_font|600|||||||&#8221; closed_toggle_font_size=&#8221;20px&#8221; closed_toggle_line_height=&#8221;1.8em&#8221; toggle_font_size_tablet=&#8221;&#8221; toggle_font_size_phone=&#8221;&#8221; toggle_font_size_last_edited=&#8221;on|desktop&#8221; closed_toggle_font_size_tablet=&#8221;&#8221; closed_toggle_font_size_phone=&#8221;&#8221; closed_toggle_font_size_last_edited=&#8221;on|desktop&#8221; closed_toggle_text_color__hover_enabled=&#8221;on|hover&#8221; closed_toggle_text_color__hover=&#8221;#8ec038&#8243; open=&#8221;off&#8221;]<\/p>\n<p>Lunettes, lunettes de soleil, objectifs d\u2019appareil photo, \u00e9crans de t\u00e9l\u00e9phone, ordinateurs portables, \u00e9cran d\u2019infodivertissement de votre v\u00e9hicule \u00e9lectrique\u2026 en gros, il peut \u00eatre utilis\u00e9 en toute s\u00e9curit\u00e9 sur n\u2019importe quel appareil \u00e0 \u00e9cran.<\/p>\n<p>[\/et_pb_accordion_item][et_pb_accordion_item title=&#8221;Do I need your cleaner too?&#8221; open_toggle_text_color=&#8221;gcid-fc9bc88d-e36b-4662-9616-7c86e597d942&#8243; open_toggle_background_color=&#8221;#FFFFFF&#8221; closed_toggle_text_color=&#8221;gcid-fc9bc88d-e36b-4662-9616-7c86e597d942&#8243; closed_toggle_background_color=&#8221;#f3f5ed&#8221; icon_color=&#8221;gcid-09915b5e-998f-4246-aef0-b47f71c124c4&#8243; use_icon_font_size=&#8221;on&#8221; icon_font_size=&#8221;20px&#8221; _builder_version=&#8221;4.27.4&#8243; _module_preset=&#8221;default&#8221; body_font=&#8221;&#8211;et_global_body_font||||||||&#8221; body_text_color=&#8221;#333333&#8243; body_font_size=&#8221;16px&#8221; body_line_height=&#8221;1.8em&#8221; body_ul_font=&#8221;Lato||||||||&#8221; body_ul_text_color=&#8221;gcid-fc9bc88d-e36b-4662-9616-7c86e597d942&#8243; body_ul_line_height=&#8221;1.8em&#8221; text_orientation=&#8221;left&#8221; body_font_size_tablet=&#8221;&#8221; body_font_size_phone=&#8221;&#8221; body_font_size_last_edited=&#8221;on|desktop&#8221; custom_css_toggle_icon=&#8221;content: %22%92e044%22;&#8221; border_radii=&#8221;on|15px|15px|15px|15px&#8221; border_width_all=&#8221;0px&#8221; global_colors_info=&#8221;{%22gcid-fc9bc88d-e36b-4662-9616-7c86e597d942%22:%91%22open_toggle_text_color%22,%22toggle_text_color%22,%22body_text_color%22,%22closed_toggle_text_color%22,%22body_ul_text_color%22,%22open_toggle_text_color%22,%22toggle_text_color%22,%22body_text_color%22,%22closed_toggle_text_color%22,%22body_ul_text_color%22,%22open_toggle_text_color%22,%22toggle_text_color%22,%22body_text_color%22,%22closed_toggle_text_color%22,%22body_ul_text_color%22%93,%22gcid-09915b5e-998f-4246-aef0-b47f71c124c4%22:%91%22closed_toggle_text_color__hover%22,%22icon_color%22,%22closed_toggle_text_color__hover%22,%22icon_color%22,%22closed_toggle_text_color__hover%22,%22icon_color%22%93}&#8221; toggle_text_color=&#8221;gcid-fc9bc88d-e36b-4662-9616-7c86e597d942&#8243; toggle_font=&#8221;&#8211;et_global_body_font|600|||||||&#8221; toggle_font_size=&#8221;20px&#8221; toggle_line_height=&#8221;1.3em&#8221; closed_toggle_font=&#8221;&#8211;et_global_body_font|600|||||||&#8221; closed_toggle_font_size=&#8221;20px&#8221; closed_toggle_line_height=&#8221;1.8em&#8221; toggle_font_size_tablet=&#8221;&#8221; toggle_font_size_phone=&#8221;&#8221; toggle_font_size_last_edited=&#8221;on|desktop&#8221; closed_toggle_font_size_tablet=&#8221;&#8221; closed_toggle_font_size_phone=&#8221;&#8221; closed_toggle_font_size_last_edited=&#8221;on|desktop&#8221; closed_toggle_text_color__hover_enabled=&#8221;on|hover&#8221; closed_toggle_text_color__hover=&#8221;#8ec038&#8243; open=&#8221;off&#8221;]<\/p>\n<p>Le chiffon fonctionne parfaitement seul, mais associez-le \u00e0 notre nettoyant \u00e0 base de plantes pour un \u00e9clat de niveau sup\u00e9rieur.<\/p>\n<h2>\u00a0<\/h2>\n<p>[\/et_pb_accordion_item][\/et_pb_accordion][\/et_pb_column][\/et_pb_row][et_pb_row _builder_version=&#8221;4.27.4&#8243; _module_preset=&#8221;default&#8221; max_width=&#8221;1280px&#8221; locked=&#8221;off&#8221; global_colors_info=&#8221;{}&#8221;][et_pb_column type=&#8221;4_4&#8243; _builder_version=&#8221;4.27.4&#8243; _module_preset=&#8221;default&#8221; global_colors_info=&#8221;{}&#8221;][et_pb_shop type=&#8221;product_category&#8221; posts_number=&#8221;4&#8243; include_categories=&#8221;54&#8243; _builder_version=&#8221;4.27.4&#8243; _module_preset=&#8221;default&#8221; title_font=&#8221;&#8211;et_global_body_font|700|||||||&#8221; title_font_size=&#8221;16px&#8221; price_font=&#8221;&#8211;et_global_body_font|700|||||||&#8221; price_text_color=&#8221;#000000&#8243; price_font_size=&#8221;16px&#8221; module_alignment=&#8221;center&#8221; custom_padding=&#8221;||||true|true&#8221; hover_enabled=&#8221;0&#8243; global_colors_info=&#8221;{}&#8221; sticky_enabled=&#8221;0&#8243;][\/et_pb_shop][\/et_pb_column][\/et_pb_row][\/et_pb_section]<\/p>","protected":false},"excerpt":{"rendered":"<p>See Throo\u2122 Premium Microfiber ClothUltra-Fine | High-Density Weave | Lint-Free | ReusableEngineered for Performance, Designed for Care Made with an ultra-fine, lint-free, high-density weave, the See Throo\u2122 Microfiber Cloth is gentle on every delicate surface. It glides smoothly over lenses to remove smudges, dust, and fingerprints, cleaning effectively without leaving behind any fibers or particles.\u00a0Whether [&hellip;]<\/p>","protected":false},"author":1,"featured_media":0,"parent":0,"menu_order":0,"comment_status":"closed","ping_status":"closed","template":"","meta":{"_acf_changed":false,"_et_pb_use_builder":"on","_et_pb_old_content":"","_et_gb_content_width":"","footnotes":""},"class_list":["post-4408757","page","type-page","status-publish","hentry"],"acf":[],"_hostinger_reach_plugin_has_subscription_block":false,"_hostinger_reach_plugin_is_elementor":false,"_links":{"self":[{"href":"https:\/\/seethroo.davidwebservices.net\/fr\/wp-json\/wp\/v2\/pages\/4408757","targetHints":{"allow":["GET"]}}],"collection":[{"href":"https:\/\/seethroo.davidwebservices.net\/fr\/wp-json\/wp\/v2\/pages"}],"about":[{"href":"https:\/\/seethroo.davidwebservices.net\/fr\/wp-json\/wp\/v2\/types\/page"}],"author":[{"embeddable":true,"href":"https:\/\/seethroo.davidwebservices.net\/fr\/wp-json\/wp\/v2\/users\/1"}],"replies":[{"embeddable":true,"href":"https:\/\/seethroo.davidwebservices.net\/fr\/wp-json\/wp\/v2\/comments?post=4408757"}],"version-history":[{"count":25,"href":"https:\/\/seethroo.davidwebservices.net\/fr\/wp-json\/wp\/v2\/pages\/4408757\/revisions"}],"predecessor-version":[{"id":4409150,"href":"https:\/\/seethroo.davidwebservices.net\/fr\/wp-json\/wp\/v2\/pages\/4408757\/revisions\/4409150"}],"wp:attachment":[{"href":"https:\/\/seethroo.davidwebservices.net\/fr\/wp-json\/wp\/v2\/media?parent=4408757"}],"curies":[{"name":"wp","href":"https:\/\/api.w.org\/{rel}","templated":true}]}}