{"id":4408753,"date":"2025-10-17T05:47:49","date_gmt":"2025-10-17T05:47:49","guid":{"rendered":"https:\/\/seethroo.davidwebservices.net\/?page_id=4408753"},"modified":"2026-01-20T07:48:31","modified_gmt":"2026-01-20T07:48:31","slug":"screen-cleaner","status":"publish","type":"page","link":"https:\/\/seethroo.davidwebservices.net\/fr\/screen-cleaner\/","title":{"rendered":"Nettoyant pour \u00e9cran"},"content":{"rendered":"<p>[et_pb_section fb_built=&#8221;1&#8243; _builder_version=&#8221;4.27.4&#8243; _module_preset=&#8221;default&#8221; global_colors_info=&#8221;{}&#8221;][et_pb_row _builder_version=&#8221;4.27.4&#8243; _module_preset=&#8221;default&#8221; max_width=&#8221;1280px&#8221; global_colors_info=&#8221;{}&#8221;][et_pb_column type=&#8221;4_4&#8243; _builder_version=&#8221;4.27.4&#8243; _module_preset=&#8221;default&#8221; global_colors_info=&#8221;{}&#8221;][et_pb_text _builder_version=&#8221;4.27.4&#8243; _module_preset=&#8221;default&#8221; header_text_color=&#8221;gcid-fc9bc88d-e36b-4662-9616-7c86e597d942&#8243; header_2_font=&#8221;&#8211;et_global_heading_font|700|||||||&#8221; header_2_text_color=&#8221;#000000&#8243; header_2_font_size=&#8221;36px&#8221; custom_margin=&#8221;||0px||false|false&#8221; header_2_font_size_tablet=&#8221;&#8221; header_2_font_size_phone=&#8221;24px&#8221; header_2_font_size_last_edited=&#8221;on|desktop&#8221; locked=&#8221;off&#8221; global_colors_info=&#8221;{%22gcid-fc9bc88d-e36b-4662-9616-7c86e597d942%22:%91%22header_text_color%22,%22header_text_color%22%93}&#8221;]<\/p>\n<h2>See Throo\u2122 Nettoyant pour \u00e9cran anti-goutte<\/h2>\n<p>[\/et_pb_text][et_pb_text _builder_version=&#8221;4.27.4&#8243; _module_preset=&#8221;default&#8221; text_font=&#8221;&#8211;et_global_body_font||||||||&#8221; text_text_color=&#8221;#333333&#8243; text_font_size=&#8221;16px&#8221; text_line_height=&#8221;1.8em&#8221; custom_margin=&#8221;||28px|||&#8221; text_font_size_tablet=&#8221;&#8221; text_font_size_phone=&#8221;&#8221; text_font_size_last_edited=&#8221;on|desktop&#8221; locked=&#8221;off&#8221; global_colors_info=&#8221;{}&#8221;]<\/p>\n<p><em>Nettoyant pour \u00e9cran sans d\u00e9g\u00e2ts<\/em><\/p>\n<p>[\/et_pb_text][et_pb_text _builder_version=&#8221;4.27.4&#8243; _module_preset=&#8221;default&#8221; text_font=&#8221;&#8211;et_global_body_font||||||||&#8221; text_text_color=&#8221;#333333&#8243; text_font_size=&#8221;16px&#8221; text_line_height=&#8221;1.8em&#8221; text_font_size_tablet=&#8221;&#8221; text_font_size_phone=&#8221;&#8221; text_font_size_last_edited=&#8221;on|desktop&#8221; locked=&#8221;off&#8221; global_colors_info=&#8221;{}&#8221;]<\/p>\n<p>Id\u00e9al pour nettoyer l\u2019\u00e9cran d\u2019infodivertissement de votre v\u00e9hicule \u00e9lectrique.<\/p>\n<p>Formulated to deliver a safer clean for all your devices without the mess. Its non-drip solution clings to your screen, preventing liquid from dripping down and seeping into the edges of your phone, tablet or laptop.<\/p>\n<p>Sa formule sans alcool ne ternit pas et ne dess\u00e8che pas votre \u00e9cran. Au contraire, elle \u00e9limine poussi\u00e8re, salet\u00e9, taches et traces de doigts, pour une clart\u00e9 \u00e9clatante. Vaporisez, essuyez et profitez de vos \u00e9crans comme ils devraient \u00eatre\u00a0: \u00e9clatants et impeccables.<\/p>\n<p>[\/et_pb_text][et_pb_text _builder_version=&#8221;4.27.4&#8243; _module_preset=&#8221;default&#8221; text_font=&#8221;&#8211;et_global_body_font||||||||&#8221; text_text_color=&#8221;#333333&#8243; text_font_size=&#8221;16px&#8221; text_line_height=&#8221;1em&#8221; ul_font=&#8221;&#8211;et_global_body_font||||||||&#8221; ul_text_color=&#8221;#333333&#8243; ul_font_size=&#8221;16px&#8221; ul_line_height=&#8221;2.2em&#8221; header_5_font=&#8221;&#8211;et_global_body_font||||||||&#8221; locked=&#8221;off&#8221; global_colors_info=&#8221;{%22gcid-09915b5e-998f-4246-aef0-b47f71c124c4%22:%91%93,%22gcid-fc9bc88d-e36b-4662-9616-7c86e597d942%22:%91%22ul_text_color%22,%22ul_text_color%22%93}&#8221;]<\/p>\n<h5><strong>Pourquoi choisir le nettoyant anti-goutte pour \u00e9cran tactile See Throo\u2122 ?\u00a0<\/strong><\/h5>\n<ul>\n<li>Solution anti-goutte qui adh\u00e8re \u00e0 votre \u00e9cran pour \u00e9viter les ruissellements et les flaques dans les coins.<\/li>\n<li>Sans alcool et sans gel, il ne ternira pas votre \u00e9cran et ne laissera pas de voile<\/li>\n<li>\u00c9limine les taches et les traces de doigts pour d\u00e9voiler son \u00e9cran clair et lumineux.<\/li>\n<li>Action simple\u00a0: vaporiser et essuyer. Sans tracas, sans \u00e9tapes suppl\u00e9mentaires.<\/li>\n<li>Flacon de 30 ml et chiffon microfibre inclus. Nettoyez o\u00f9 que vous soyez, \u00e0 tout moment.<\/li>\n<\/ul>\n<p>[\/et_pb_text][\/et_pb_column][\/et_pb_row][et_pb_row _builder_version=&#8221;4.27.4&#8243; _module_preset=&#8221;default&#8221; max_width=&#8221;1280px&#8221; locked=&#8221;off&#8221; global_colors_info=&#8221;{}&#8221;][et_pb_column type=&#8221;4_4&#8243; _builder_version=&#8221;4.27.4&#8243; _module_preset=&#8221;default&#8221; global_colors_info=&#8221;{}&#8221;][et_pb_shop type=&#8221;product_category&#8221; posts_number=&#8221;8&#8243; include_categories=&#8221;53&#8243; _builder_version=&#8221;4.27.4&#8243; _module_preset=&#8221;default&#8221; title_font=&#8221;&#8211;et_global_body_font|700|||||||&#8221; title_font_size=&#8221;16px&#8221; price_font=&#8221;&#8211;et_global_body_font|700|||||||&#8221; price_text_color=&#8221;#000000&#8243; price_font_size=&#8221;16px&#8221; module_alignment=&#8221;center&#8221; custom_padding=&#8221;||||true|true&#8221; hover_enabled=&#8221;0&#8243; global_colors_info=&#8221;{}&#8221; sticky_enabled=&#8221;0&#8243;][\/et_pb_shop][\/et_pb_column][\/et_pb_row][\/et_pb_section]<\/p>","protected":false},"excerpt":{"rendered":"<p>See Throo\u2122 Non-Drip Screen CleanerScreen cleaner without a messGreat for cleaning the infotainment screen of your EV. Formulated to deliver a safer clean for all your devices without the mess. Its non-drip solution clings to your screen, preventing liquid from dripping down and seeping into the edges of your phone, tablet or laptop. The formula [&hellip;]<\/p>","protected":false},"author":1,"featured_media":0,"parent":0,"menu_order":0,"comment_status":"closed","ping_status":"closed","template":"","meta":{"_acf_changed":false,"_et_pb_use_builder":"on","_et_pb_old_content":"","_et_gb_content_width":"","footnotes":""},"class_list":["post-4408753","page","type-page","status-publish","hentry"],"acf":[],"_hostinger_reach_plugin_has_subscription_block":false,"_hostinger_reach_plugin_is_elementor":false,"_links":{"self":[{"href":"https:\/\/seethroo.davidwebservices.net\/fr\/wp-json\/wp\/v2\/pages\/4408753","targetHints":{"allow":["GET"]}}],"collection":[{"href":"https:\/\/seethroo.davidwebservices.net\/fr\/wp-json\/wp\/v2\/pages"}],"about":[{"href":"https:\/\/seethroo.davidwebservices.net\/fr\/wp-json\/wp\/v2\/types\/page"}],"author":[{"embeddable":true,"href":"https:\/\/seethroo.davidwebservices.net\/fr\/wp-json\/wp\/v2\/users\/1"}],"replies":[{"embeddable":true,"href":"https:\/\/seethroo.davidwebservices.net\/fr\/wp-json\/wp\/v2\/comments?post=4408753"}],"version-history":[{"count":11,"href":"https:\/\/seethroo.davidwebservices.net\/fr\/wp-json\/wp\/v2\/pages\/4408753\/revisions"}],"predecessor-version":[{"id":4409151,"href":"https:\/\/seethroo.davidwebservices.net\/fr\/wp-json\/wp\/v2\/pages\/4408753\/revisions\/4409151"}],"wp:attachment":[{"href":"https:\/\/seethroo.davidwebservices.net\/fr\/wp-json\/wp\/v2\/media?parent=4408753"}],"curies":[{"name":"wp","href":"https:\/\/api.w.org\/{rel}","templated":true}]}}