{"id":4408719,"date":"2025-10-17T04:54:48","date_gmt":"2025-10-17T04:54:48","guid":{"rendered":"https:\/\/seethroo.davidwebservices.net\/?page_id=4408719"},"modified":"2026-01-20T07:47:16","modified_gmt":"2026-01-20T07:47:16","slug":"eyeglass-cleaner","status":"publish","type":"page","link":"https:\/\/seethroo.davidwebservices.net\/fr\/eyeglass-cleaner\/","title":{"rendered":"Nettoyant pour lunettes"},"content":{"rendered":"<p>[et_pb_section fb_built=&#8221;1&#8243; _builder_version=&#8221;4.27.4&#8243; _module_preset=&#8221;default&#8221; global_colors_info=&#8221;{}&#8221;][et_pb_row _builder_version=&#8221;4.27.4&#8243; _module_preset=&#8221;default&#8221; max_width=&#8221;1280px&#8221; global_colors_info=&#8221;{}&#8221;][et_pb_column type=&#8221;4_4&#8243; _builder_version=&#8221;4.27.4&#8243; _module_preset=&#8221;default&#8221; global_colors_info=&#8221;{}&#8221;][et_pb_text _builder_version=&#8221;4.27.4&#8243; _module_preset=&#8221;default&#8221; header_text_color=&#8221;gcid-fc9bc88d-e36b-4662-9616-7c86e597d942&#8243; header_2_font=&#8221;&#8211;et_global_heading_font|700|||||||&#8221; header_2_text_color=&#8221;#000000&#8243; header_2_font_size=&#8221;36px&#8221; custom_margin=&#8221;||0px||false|false&#8221; header_font_size_phone=&#8221;40px&#8221; header_font_size_last_edited=&#8221;off|desktop&#8221; header_2_font_size_tablet=&#8221;&#8221; header_2_font_size_phone=&#8221;24px&#8221; header_2_font_size_last_edited=&#8221;on|desktop&#8221; locked=&#8221;off&#8221; global_colors_info=&#8221;{%22gcid-fc9bc88d-e36b-4662-9616-7c86e597d942%22:%91%22header_text_color%22%93}&#8221;]<\/p>\n<h2>See Throo\u2122 Nettoyant pour lunettes<\/h2>\n<p>[\/et_pb_text][et_pb_text _builder_version=&#8221;4.27.4&#8243; _module_preset=&#8221;default&#8221; text_font=&#8221;&#8211;et_global_body_font||||||||&#8221; text_text_color=&#8221;#333333&#8243; text_font_size=&#8221;16px&#8221; text_line_height=&#8221;1.8em&#8221; custom_margin=&#8221;||28px|||&#8221; custom_margin_last_edited=&#8221;off|desktop&#8221; hover_enabled=&#8221;0&#8243; text_font_size_tablet=&#8221;&#8221; text_font_size_phone=&#8221;&#8221; text_font_size_last_edited=&#8221;on|desktop&#8221; locked=&#8221;off&#8221; global_colors_info=&#8221;{}&#8221; sticky_enabled=&#8221;0&#8243;]<\/p>\n<p><em>Plant-Based | Anti-Static | Alcohol-Free | Fragrance-Free | Made in Canad<\/em>a<\/p>\n<p>[\/et_pb_text][et_pb_text _builder_version=&#8221;4.27.4&#8243; _module_preset=&#8221;default&#8221; text_font=&#8221;&#8211;et_global_body_font||||||||&#8221; text_text_color=&#8221;#333333&#8243; text_font_size=&#8221;16px&#8221; text_line_height=&#8221;1.8em&#8221; custom_margin_last_edited=&#8221;off|desktop&#8221; hover_enabled=&#8221;0&#8243; text_font_size_tablet=&#8221;&#8221; text_font_size_phone=&#8221;&#8221; text_font_size_last_edited=&#8221;on|desktop&#8221; locked=&#8221;off&#8221; global_colors_info=&#8221;{}&#8221; sticky_enabled=&#8221;0&#8243;]<\/p>\n<p>Une formule puissante \u00e0 base de plantes et sans alcool, id\u00e9ale pour nettoyer tous types de verres trait\u00e9s. Elle \u00e9limine efficacement les taches, les traces de doigts et le s\u00e9bum, laissant un fini impeccable. De plus, notre agent antistatique \u00e9cologique repousse la poussi\u00e8re, pr\u00e9servant ainsi la propret\u00e9 de vos verres plus longtemps.<\/p>\n<p><strong>Formulation verte<\/strong><br \/>Notre solution est compos\u00e9e d'ingr\u00e9dients naturels d'origine v\u00e9g\u00e9tale, extraits de fruits, de fleurs et d'autres plantes, associ\u00e9s \u00e0 un agent antistatique \u00e9cologique. Nous \u00e9vitons les produits chimiques agressifs et les additifs synth\u00e9tiques que l'on trouve couramment dans les nettoyants conventionnels.<\/p>\n<p>[\/et_pb_text][et_pb_text _builder_version=&#8221;4.27.4&#8243; _module_preset=&#8221;default&#8221; text_font=&#8221;&#8211;et_global_body_font||||||||&#8221; text_line_height=&#8221;1em&#8221; ul_font=&#8221;&#8211;et_global_body_font||||||||&#8221; ul_text_color=&#8221;#333333&#8243; ul_font_size=&#8221;16px&#8221; ul_line_height=&#8221;2.2em&#8221; header_5_font=&#8221;&#8211;et_global_body_font||||||||&#8221; hover_enabled=&#8221;0&#8243; locked=&#8221;off&#8221; global_colors_info=&#8221;{%22gcid-09915b5e-998f-4246-aef0-b47f71c124c4%22:%91%93,%22gcid-fc9bc88d-e36b-4662-9616-7c86e597d942%22:%91%22ul_text_color%22%93}&#8221; text_font_size=&#8221;16px&#8221; sticky_enabled=&#8221;0&#8243; text_text_color=&#8221;#333333&#8243;]<\/p>\n<h5><strong>Pourquoi choisir le nettoyant pour lunettes See Throo\u2122\u00a0?<\/strong><\/h5>\n<ul>\n<li>Une formule verte \u2013 \u00e9labor\u00e9e \u00e0 partir d\u2019ingr\u00e9dients naturels \u00e0 base de plantes<\/li>\n<li>Sans alcool \u2013 doux pour les lentilles<\/li>\n<li>Sans parfum \u2013 id\u00e9al pour les personnes sensibles<\/li>\n<li>Sans danger pour les lentilles \u2013 ne d\u00e9cape pas les rev\u00eatements<\/li>\n<li>Agent antistatique \u00e9cologique : r\u00e9duit l'\u00e9lectricit\u00e9 statique pour garder les verres propres plus longtemps<\/li>\n<li>Bouteille en aluminium \u00e9l\u00e9gante \u2013 rechargeable, durable et r\u00e9sistante<\/li>\n<li>Format portable de 30 ml \u2013 parfait pour les voyages<\/li>\n<li>Finition sans traces \u2013 des r\u00e9sultats cristallins \u00e0 chaque fois<\/li>\n<li>pH \u00e9quilibr\u00e9 \u2013 ne ternit pas les montures de cr\u00e9ateurs<\/li>\n<li>Pompe de pulv\u00e9risation \u00e0 brume douce \u2013 couvre toute la lentille en une seule pression<\/li>\n<li>Fabriqu\u00e9 au Canada<\/li>\n<\/ul>\n<p>[\/et_pb_text][et_pb_text _builder_version=&#8221;4.27.4&#8243; _module_preset=&#8221;default&#8221; text_font=&#8221;&#8211;et_global_body_font||||||||&#8221; text_text_color=&#8221;#333333&#8243; text_font_size=&#8221;16px&#8221; text_line_height=&#8221;1.8em&#8221; custom_margin_last_edited=&#8221;off|desktop&#8221; hover_enabled=&#8221;0&#8243; text_font_size_tablet=&#8221;&#8221; text_font_size_phone=&#8221;&#8221; text_font_size_last_edited=&#8221;on|desktop&#8221; locked=&#8221;off&#8221; global_colors_info=&#8221;{}&#8221; sticky_enabled=&#8221;0&#8243;]<\/p>\n<p><strong>Comment utiliser<\/strong><br \/>Vaporisez une dose sur chaque verre et essuyez d\u00e9licatement avec un chiffon en microfibre jusqu'\u00e0 ce que les verres soient secs et transparents. Pour un r\u00e9sultat optimal, utilisez le chiffon en microfibre See Throo\u2122.<\/p>\n<p>[\/et_pb_text][\/et_pb_column][\/et_pb_row][et_pb_row _builder_version=&#8221;4.27.4&#8243; _module_preset=&#8221;default&#8221; max_width=&#8221;1280px&#8221; global_colors_info=&#8221;{}&#8221;][et_pb_column type=&#8221;4_4&#8243; _builder_version=&#8221;4.27.4&#8243; _module_preset=&#8221;default&#8221; global_colors_info=&#8221;{}&#8221;][et_pb_shop type=&#8221;product_category&#8221; posts_number=&#8221;8&#8243; include_categories=&#8221;52&#8243; _builder_version=&#8221;4.27.4&#8243; _module_preset=&#8221;default&#8221; title_font=&#8221;&#8211;et_global_heading_font|700|||||||&#8221; title_font_size=&#8221;16px&#8221; price_font=&#8221;&#8211;et_global_body_font|700|||||||&#8221; price_text_color=&#8221;#000000&#8243; price_font_size=&#8221;16px&#8221; module_alignment=&#8221;center&#8221; custom_padding=&#8221;||||true|true&#8221; hover_enabled=&#8221;0&#8243; global_colors_info=&#8221;{}&#8221; sticky_enabled=&#8221;0&#8243; sale_price_font_size=&#8221;14px&#8221; sale_price_font=&#8221;&#8211;et_global_body_font|700|||||||&#8221;][\/et_pb_shop][\/et_pb_column][\/et_pb_row][et_pb_row disabled_on=&#8221;on|on|on&#8221; _builder_version=&#8221;4.27.4&#8243; _module_preset=&#8221;default&#8221; max_width=&#8221;1280px&#8221; disabled=&#8221;on&#8221; global_colors_info=&#8221;{}&#8221;][et_pb_column type=&#8221;4_4&#8243; _builder_version=&#8221;4.27.4&#8243; _module_preset=&#8221;default&#8221; global_colors_info=&#8221;{}&#8221;][et_pb_code _builder_version=&#8221;4.27.4&#8243; _module_preset=&#8221;default&#8221; global_colors_info=&#8221;{}&#8221;]        <form\n\t\t\tdata-post-id=\"4408719\"\n\t\t\tdata-slug=\"eyeglass_filter\"\n\t\t\taction=\"https:\/\/seethroo.davidwebservices.net\/fr\/shop\/\"\n\t\t\tdata-shop=\"https:\/\/seethroo.davidwebservices.net\/fr\/shop\/\"\n\t\t\tmethod=\"get\"\n\t\t\tclass=\"wpf_form wpf_form_eyeglass_filter wpf_submit_on_change\"\n\t\t\tstyle=\"visibility: hidden;\"\n\t\t\tdata-infinitybuffer=\"300\" data-trp-original-action=\"https:\/\/seethroo.davidwebservices.net\/fr\/shop\/\"\n\t\t>\n            <input type=\"hidden\" name=\"wpf\" value=\"eyeglass_filter\" \/>\n\t\t\t<input type=\"hidden\" name=\"orderby\" value=\"\" \/>\n\t\t\t<input type=\"hidden\" name=\"wpf_cols\" value=\"\" \/>\n\t\t\t<input type=\"hidden\" name=\"wpf_page\" value=\"1\" \/>\n\t\t\t                        <div class=\"wpf_items_wrapper wpf_layout_horizontal wpf_items_grouped\">\n                                                                                                                <div class=\"wpf_item wpf_item_price\">\n                                                                    <div class=\"wpf_item_name\">Price<\/div>\n                                                                <div class=\"wpf_items_group\">                                <ul class=\"wpf_price_range\">\n                        <li>\n                            <input  checked=\"checked\" id=\"wpf_eyeglass_filter_item_price_all\" type=\"radio\" name=\"wpf_price\" value=\"\"\/>\n                            <label for=\"wpf_eyeglass_filter_item_price_all\">All<\/label>\n                        <\/li>\n                                                                                <li>\n                                <input  id=\"wpf_eyeglass_filter_item_price_0\" type=\"radio\" name=\"wpf_price\" value=\"0-5\"\/>\n                                <label for=\"wpf_eyeglass_filter_item_price_0\"><span class=\"woocommerce-Price-amount amount\"><bdi><span class=\"woocommerce-Price-currencySymbol\">&#36;<\/span>0<\/bdi><\/span> - <span class=\"woocommerce-Price-amount amount\"><bdi><span class=\"woocommerce-Price-currencySymbol\">&#36;<\/span>5<\/bdi><\/span><\/label>\n                            <\/li>\n                                                                                <li>\n                                <input  id=\"wpf_eyeglass_filter_item_price_1\" type=\"radio\" name=\"wpf_price\" value=\"6-10\"\/>\n                                <label for=\"wpf_eyeglass_filter_item_price_1\"><span class=\"woocommerce-Price-amount amount\"><bdi><span class=\"woocommerce-Price-currencySymbol\">&#36;<\/span>6<\/bdi><\/span> - <span class=\"woocommerce-Price-amount amount\"><bdi><span class=\"woocommerce-Price-currencySymbol\">&#36;<\/span>10<\/bdi><\/span><\/label>\n                            <\/li>\n                                                                                <li>\n                                <input  id=\"wpf_eyeglass_filter_item_price_2\" type=\"radio\" name=\"wpf_price\" value=\"11-15\"\/>\n                                <label for=\"wpf_eyeglass_filter_item_price_2\"><span class=\"woocommerce-Price-amount amount\"><bdi><span class=\"woocommerce-Price-currencySymbol\">&#36;<\/span>11<\/bdi><\/span> - <span class=\"woocommerce-Price-amount amount\"><bdi><span class=\"woocommerce-Price-currencySymbol\">&#36;<\/span>15<\/bdi><\/span><\/label>\n                            <\/li>\n                                            <\/ul>\t\t\t\t\t\t\t\t\t                                <\/div>                            <\/div>\n                                                                        <\/div>\n            \n\t\t\t<div class=\"wpf-no-products-found\" style=\"display: none;\">\n\t\t\t\t<p class=\"woocommerce-info\">No products were found matching your selection.<\/p>\n\t\t\t<\/div>\n        <input type=\"hidden\" name=\"trp-form-language\" value=\"fr\"\/><\/form>\n        [\/et_pb_code][\/et_pb_column][\/et_pb_row][\/et_pb_section]<\/p>","protected":false},"excerpt":{"rendered":"<p>See Throo\u2122 Eyeglass CleanerPlant-Based | Anti-Static | Alcohol-Free | Fragrance-Free | Made in CanadaA powerful plant-based and alcohol-free formula that\u2019s safe to use in cleaning all types of coated lenses. It effectively removes smudges, fingerprints, and skin oils, leaving a streak-free finish. Plus, our eco-friendly anti-static agent helps repel dust, keeping your lenses cleaner for [&hellip;]<\/p>","protected":false},"author":1,"featured_media":0,"parent":0,"menu_order":0,"comment_status":"closed","ping_status":"closed","template":"","meta":{"_acf_changed":false,"_et_pb_use_builder":"on","_et_pb_old_content":"","_et_gb_content_width":"","footnotes":""},"class_list":["post-4408719","page","type-page","status-publish","hentry"],"acf":[],"_hostinger_reach_plugin_has_subscription_block":false,"_hostinger_reach_plugin_is_elementor":false,"_links":{"self":[{"href":"https:\/\/seethroo.davidwebservices.net\/fr\/wp-json\/wp\/v2\/pages\/4408719","targetHints":{"allow":["GET"]}}],"collection":[{"href":"https:\/\/seethroo.davidwebservices.net\/fr\/wp-json\/wp\/v2\/pages"}],"about":[{"href":"https:\/\/seethroo.davidwebservices.net\/fr\/wp-json\/wp\/v2\/types\/page"}],"author":[{"embeddable":true,"href":"https:\/\/seethroo.davidwebservices.net\/fr\/wp-json\/wp\/v2\/users\/1"}],"replies":[{"embeddable":true,"href":"https:\/\/seethroo.davidwebservices.net\/fr\/wp-json\/wp\/v2\/comments?post=4408719"}],"version-history":[{"count":50,"href":"https:\/\/seethroo.davidwebservices.net\/fr\/wp-json\/wp\/v2\/pages\/4408719\/revisions"}],"predecessor-version":[{"id":4409148,"href":"https:\/\/seethroo.davidwebservices.net\/fr\/wp-json\/wp\/v2\/pages\/4408719\/revisions\/4409148"}],"wp:attachment":[{"href":"https:\/\/seethroo.davidwebservices.net\/fr\/wp-json\/wp\/v2\/media?parent=4408719"}],"curies":[{"name":"wp","href":"https:\/\/api.w.org\/{rel}","templated":true}]}}